{"id":2761,"date":"2018-10-12T17:30:37","date_gmt":"2018-10-12T14:30:37","guid":{"rendered":"https:\/\/cazare.ase.ro\/?page_id=2761"},"modified":"2019-01-25T22:19:03","modified_gmt":"2019-01-25T19:19:03","slug":"protectia-datelor","status":"publish","type":"page","link":"https:\/\/cazare.ase.ro\/?page_id=2761","title":{"rendered":"Protec\u021bia datelor"},"content":{"rendered":"<h4 style=\"text-align: center;\"><strong>Informare privind prelucrarea datelor cu caracter personal conform Regulamentului nr. 679 din 27 aprilie 2016 privind protec\u021bia persoanelor fizice \u00een ceea ce prive\u0219te prelucrarea datelor cu caracter personal \u0219i privind libera circula\u021bie a acestor date (General Data Protection Regulation &#8211; GDPR)<\/strong><\/h4>\n<p align=\"justify\">Prin prezenta politic\u0103 de confiden\u021bialitate v\u0103 transmitem modul \u00een care noi, Serviciul Cazarea Studen\u021bi \u0219i Comisia de Cazare, prelucr\u0103m, proces\u0103m, utiliz\u0103m \u0219i afi\u0219\u0103m datele dumneavoastr\u0103 cu caracter personal pe site-ul nostru <em>cazare.ase.ro<\/em>, pe platformele online de \u00eenc\u0103rcare a cererilor \u0219i de afi\u0219are a rezultatelor, dar \u0219i \u00een cadrul procesului de cazare.<\/p>\n<p>&nbsp;<\/p>\n<p><strong>Datele de care avem nevoie pentru buna desf\u0103\u0219urare a procesului de cazare<\/strong><\/p>\n<p align=\"justify\">Informa\u021biile pe care le colect\u0103m \u0219i le prelucr\u0103m cu privire la dumneavoastr\u0103 sunt:<br \/>\n&#8211; nume, ini\u021biala tat\u0103lui \u0219i prenume;<br \/>\n&#8211; cet\u0103\u021benie;<br \/>\n&#8211; \u021bar\u0103;<br \/>\n&#8211; domiciliu;<br \/>\n&#8211; CNP;<br \/>\n&#8211; serie \u0219i num\u0103r act de identitate;<br \/>\n&#8211; data eliber\u0103rii actului de identitate, de c\u0103tre cine \u0219i valabilitatea;<br \/>\n&#8211; sex;<br \/>\n&#8211; facultate;<br \/>\n&#8211; an;<br \/>\n&#8211; tematic\u0103, program de studii, specializare;<br \/>\n&#8211; ciclu de studii;<br \/>\n&#8211; form\u0103 de finan\u021bare;<br \/>\n&#8211; medie;<br \/>\n&#8211; num\u0103r de telefon mobil;<br \/>\n&#8211; adres\u0103 de e-mail;<\/p>\n<p align=\"justify\">Datele dumneavoastr\u0103 cu caracter personal vor fi colectate \u00een scopuri determinate, explicite \u0219i legitime \u0219i vor fi prelucrate pe principiul integrit\u0103\u021bii \u0219i al confiden\u021bialit\u0103\u021bii, \u00eentr-un mod care asigur\u0103 securitatea adecvat\u0103 a datelor cu caracter personal, inclusiv protec\u021bia \u00eempotriva prelucr\u0103rii neautorizate sau ilegale \u0219i \u00eempotriva pierderii, a distrugerii sau a deterior\u0103rii accidentale, prin luarea de m\u0103suri tehnice sau organizatorice corespunz\u0103toare.<\/p>\n<p>&nbsp;<\/p>\n<p><strong>Prelucrarea datelor dumneavoastr\u0103 are loc \u00een urm\u0103toarele situa\u021bii:<\/strong><\/p>\n<p align=\"justify\">&#8211; \u00cenregistrarea \u00een baza de date a cererii de cazare de c\u0103tre Serviciul Cazare Studen\u021bi \u0219i Direc\u021bia TIC;<br \/>\n&#8211; Acordarea locurilor de c\u0103min de c\u0103tre Comisia de Cazare \u00een toate etapele;<br \/>\n&#8211; Acordarea locurilor de c\u0103min de c\u0103tre Serviciul Cazare Studen\u021bi \u00een etapele de redistribuire;<br \/>\n&#8211; Realizarea contractelor \u0219i a legitima\u021biilor de c\u0103min;<br \/>\n&#8211; \u00cenregistrarea \u0219i prelucrarea cererilor diverse, de reziliere, de redistribuire, de schimb, a adeverin\u021belor, a dispozi\u021biilor de cazare, a rezerv\u0103rilor Erasmus, a sesiz\u0103rilor;<br \/>\n&#8211; Emiterea avertismentelor \u0219i sanc\u021bionarea studen\u021bilor care au \u00eenc\u0103lcat prevederile metodologice \u0219i contractuale;<\/p>\n<p align=\"justify\">Baza legal\u0103 pentru colectarea si prelucrarea datelor cu caracter personal (datele cu caracter anonim \u0219i agregate nu sunt considerate date cu caracter personal) este asigurat\u0103 de acordul dumneavoastr\u0103 de prelucrare prin completarea Declara\u021biei de consim\u021b\u0103m\u00e2nt pentru prelucrarea \u0219i afi\u0219area datelor cu caracter personal \u00een momentul complet\u0103rii cererii fizice de cazare sau prin bifarea acordului de consim\u021b\u0103m\u00e2nt pentru prelucrarea \u0219i afi\u0219area datelor cu caracter personal \u00een momentul complet\u0103rii cererii online.<\/p>\n<p align=\"justify\">Consim\u021b\u0103m\u00e2ntul dumneavoastr\u0103 poate fi retras \u00een orice moment, dar va duce la imposibilitatea solu\u021bion\u0103rii cererii dumneavoastr\u0103 de cazare. Consim\u021b\u0103m\u00e2ntul se retrage pentru absolut toate punctele de mai sus \u0219i nu \u00een mod selectiv.<\/p>\n<p>&nbsp;<\/p>\n<p><strong>Dispozi\u021bii finale<\/strong><\/p>\n<p align=\"justify\">Toate datele vor fi pseudonimizate \u0219i arhivate pe o perioad\u0103 determinat\u0103 de p\u00e2n\u0103 la 6 ani din motive legislative.<\/p>\n<p align=\"justify\">Datele dumneavoastr\u0103 cu caracter personal nu vor fi utilizate pentru marketing direct \u0219i nici pentru realizarea de profiluri.<\/p>\n<p align=\"justify\">Nu dezv\u0103luim datele dec\u00e2t pentru realizarea intereselor dumneavoastr\u0103\u0306 sau \u00eendeplinirea obliga\u021biilor legale, asigur\u00e2nd confiden\u021bialitatea lor.<\/p>\n<p align=\"justify\">Beneficia\u021bi de dreptul prev\u0103zut de Regulament, mai specific de acces la informa\u021bii, de interven\u021bie, de modificare, rectificare \u0219i portare a datelor pe care ni le furniza\u021bi.<\/p>\n<p align=\"justify\">V\u0103 inform\u0103m c\u0103 ave\u021bi posibilitatea legal\u0103 de a ne solicita \u0219tergerea datelor printr-o cerere la sediul Serviciului Cazare Studen\u021bi (Str. Frumoas\u0103, nr. 31, sala 13, parter).<\/p>\n<p>&nbsp;<\/p>\n<p><strong>Date colectate de site-ul nostru<\/strong><\/p>\n<p align=\"justify\">Site-ul <em>cazare.ase.ro<\/em> colecteaz\u0103 date anonime pentru realizarea statisticilor prin platforma Google Analytics, pentru evitarea activit\u0103\u021bilor de phishing \u0219i spam \u0219i pentru ap\u0103rarea \u00eempotriva aplica\u021biilor software r\u0103uvoitoare.<\/p>\n<p><!-- \/epsilon\/about --><\/p>\n","protected":false},"excerpt":{"rendered":"<p>Informare privind prelucrarea datelor cu caracter personal conform Regulamentului nr. 679 din 27 aprilie 2016 privind protec\u021bia persoanelor fizice \u00een ceea ce prive\u0219te prelucrarea datelor cu caracter personal \u0219i privind libera circula\u021bie a acestor date (General Data Protection Regulation &#8211; GDPR) Prin prezenta politic\u0103 de confiden\u021bialitate v\u0103 transmitem modul \u00een [&hellip;]<\/p>\n","protected":false},"author":539030,"featured_media":0,"parent":0,"menu_order":0,"comment_status":"closed","ping_status":"closed","template":"page-templates\/template-fullwidth.php","meta":{"_editorskit_title_hidden":false,"_editorskit_reading_time":0,"_editorskit_is_block_options_detached":false,"_editorskit_block_options_position":"{}","_monsterinsights_skip_tracking":false,"_monsterinsights_sitenote_active":false,"_monsterinsights_sitenote_note":"","_monsterinsights_sitenote_category":0,"_themeisle_gutenberg_block_has_review":false,"footnotes":""},"class_list":["post-2761","page","type-page","status-publish","hentry"],"_links":{"self":[{"href":"https:\/\/cazare.ase.ro\/index.php?rest_route=\/wp\/v2\/pages\/2761","targetHints":{"allow":["GET"]}}],"collection":[{"href":"https:\/\/cazare.ase.ro\/index.php?rest_route=\/wp\/v2\/pages"}],"about":[{"href":"https:\/\/cazare.ase.ro\/index.php?rest_route=\/wp\/v2\/types\/page"}],"author":[{"embeddable":true,"href":"https:\/\/cazare.ase.ro\/index.php?rest_route=\/wp\/v2\/users\/539030"}],"replies":[{"embeddable":true,"href":"https:\/\/cazare.ase.ro\/index.php?rest_route=%2Fwp%2Fv2%2Fcomments&post=2761"}],"version-history":[{"count":8,"href":"https:\/\/cazare.ase.ro\/index.php?rest_route=\/wp\/v2\/pages\/2761\/revisions"}],"predecessor-version":[{"id":3156,"href":"https:\/\/cazare.ase.ro\/index.php?rest_route=\/wp\/v2\/pages\/2761\/revisions\/3156"}],"wp:attachment":[{"href":"https:\/\/cazare.ase.ro\/index.php?rest_route=%2Fwp%2Fv2%2Fmedia&parent=2761"}],"curies":[{"name":"wp","href":"https:\/\/api.w.org\/{rel}","templated":true}]}}