{"id":2584,"date":"2018-10-04T12:41:29","date_gmt":"2018-10-04T09:41:29","guid":{"rendered":"https:\/\/cazare.ase.ro\/?page_id=2584"},"modified":"2025-10-23T13:07:53","modified_gmt":"2025-10-23T10:07:53","slug":"tarife","status":"publish","type":"page","link":"https:\/\/cazare.ase.ro\/?page_id=2584","title":{"rendered":"Tarife"},"content":{"rendered":"<h2><strong>Regia de c\u0103min<\/strong><\/h2>\n<p align=\"justify\"><strong>Regia de c\u0103min<\/strong> reprezint\u0103 taxa lunar\u0103 ce se achit\u0103 \u00een func\u0163ie de consumul specific fiec\u0103rei camere, \u00een cadrul fiec\u0103rui c\u0103min. Tariful se calculeaz\u0103 conform procedurii descrise \u00een PO_DS\/SAC-01 privind calcularea regiei de c\u0103min \u0219i a \u00eentre\u0163inerii, fiind aprobat lunar de Consiliul de Administra\u0163ie ASE. Acest tarif este compus din dou\u0103 componente: o parte fix\u0103 \u0219i una variabil\u0103. <strong>Partea fix\u0103<\/strong> a regiei reprezint\u0103 totalul cheltuielilor de func\u0163ionare, \u00eemp\u0103r\u0163it egal \u00eentre num\u0103rul total de studen\u0163i caza\u0163i. <strong>Partea variabil\u0103<\/strong> reflect\u0103 cheltuielile efective pentru utilit\u0103\u0163i, cum ar fi curentul electric, gazele \u0219i apa. Lunar, taxa este afi\u0219at\u0103 pentru fiecare locatar pe avizierul c\u0103minului.<\/p>\n<p align=\"justify\">Pentru sumele datorate \u0219i neachitate p\u00e2n\u0103 la data la care trebuie s\u0103 se fac\u0103 plata, se va declan\u0219a procedura de evacuare din c\u0103min, blocarea documentelor depuse la secretariatele facult\u0103\u021bilor \u0219i a paginii personale, p\u00e2n\u0103 la achitarea integral\u0103 a sumelor care decurg din cazarea \u00een c\u0103min, precum \u0219i pierderea dreptului de cazare pentru viitor.<\/p>\n<p align=\"justify\">Pentru a debloca pagina personal\u0103 va trebui s\u0103 trimi\u021bi chitan\u021ba achit\u0103rii tuturor debitelor p\u00e2n\u0103 la acea dat\u0103 prin mail la adresa <strong>petrica.sovar@ase.ro<\/strong><\/p>\n<p>Pentru orice problem\u0103 legat\u0103 de partea financiar\u0103, te rug\u0103m s\u0103 contactezi <a href=\"http:\/\/social.ase.ro\/\"><strong>Direc\u021bia Social\u0103<\/strong><\/a>.<br \/>\n<!-- \/epsilon\/about --><\/p>\n<h2><\/h2>\n<h2><strong>Achitarea regiei de c\u0103min<\/strong><\/h2>\n<hr \/>\n<p>1. La <strong>Casieriile ASE<\/strong><br \/>\nProgram:<br \/>\n<strong>Luni-\u00a0 Vineri:<\/strong> 08:30 &#8211; 14:30 \u0219i 15:00-18:00<br \/>\n<strong>S\u00e2mb\u0103t\u0103 &#8211; Duminic\u0103:<\/strong> \u00cenchis<\/p>\n<hr \/>\n<p>2. Prin <strong>transfer bancar<\/strong> de la orice banc\u0103 \u00een contul ASE deschis la BRD: <strong>RO59BRDE445SV36571854450<\/strong><br \/>\nCUI ASE: <strong>4433775<\/strong><br \/>\nCoduri facult\u0103\u021bi ASE:<\/p>\n<table>\n<tbody>\n<tr>\n<td width=\"20%\"><strong>Cod<\/strong><\/td>\n<td><strong>Denumire<\/strong><\/td>\n<\/tr>\n<tr>\n<td>01<\/td>\n<td>Management<\/td>\n<\/tr>\n<tr>\n<td>03<\/td>\n<td>Contabilitate \u0219i Informatic\u0103 de Gestiune<\/td>\n<\/tr>\n<tr>\n<td>04<\/td>\n<td>Economie Agroalimentar\u0103 \u0219i a Mediului<\/td>\n<\/tr>\n<tr>\n<td>05<\/td>\n<td>Economie Teoretic\u0103 \u0219i Aplicat\u0103<\/td>\n<\/tr>\n<tr>\n<td>06<\/td>\n<td>Finan\u021be, Asigur\u0103ri, B\u0103nci \u0219i Burse de Valori<\/td>\n<\/tr>\n<tr>\n<td>07<\/td>\n<td>Business \u0219i Turism<\/td>\n<\/tr>\n<tr>\n<td>08<\/td>\n<td>Cibernetic\u0103, Statistic\u0103 \u0219i Informatic\u0103 Economic\u0103<\/td>\n<\/tr>\n<tr>\n<td>09<\/td>\n<td>Rela\u021bii Economice Interna\u021bionale<\/td>\n<\/tr>\n<tr>\n<td>10<\/td>\n<td>Marketing<\/td>\n<\/tr>\n<tr>\n<td>11<\/td>\n<td>Administrarea Afacerilor cu predare \u00een limbi str\u0103ine<\/td>\n<\/tr>\n<tr>\n<td>13<\/td>\n<td>Administra\u021bie \u0219i Management Public<\/td>\n<\/tr>\n<tr>\n<td>14<\/td>\n<td>Drept<\/td>\n<\/tr>\n<\/tbody>\n<\/table>\n<p>Coduri regie c\u0103min:<\/p>\n<table>\n<tbody>\n<tr>\n<td width=\"20%\"><strong>Cod<\/strong><\/td>\n<td><strong>Denumire<\/strong><\/td>\n<\/tr>\n<tr>\n<td>5001<\/td>\n<td>Regie c\u0103min &#8211; Ianuarie<\/td>\n<\/tr>\n<tr>\n<td>5002<\/td>\n<td>Regie c\u0103min &#8211; Februarie<\/td>\n<\/tr>\n<tr>\n<td>5003<\/td>\n<td>Regie c\u0103min &#8211; Martie<\/td>\n<\/tr>\n<tr>\n<td>5004<\/td>\n<td>Regie c\u0103min &#8211; Aprilie<\/td>\n<\/tr>\n<tr>\n<td>5005<\/td>\n<td>Regie c\u0103min &#8211; Mai<\/td>\n<\/tr>\n<tr>\n<td>5006<\/td>\n<td>Regie c\u0103min &#8211; Iunie<\/td>\n<\/tr>\n<tr>\n<td>5007<\/td>\n<td>Regie c\u0103min &#8211; Iulie<\/td>\n<\/tr>\n<tr>\n<td>5008<\/td>\n<td>Regie c\u0103min &#8211; August<\/td>\n<\/tr>\n<tr>\n<td>5009<\/td>\n<td>Regie c\u0103min &#8211; Septembrie<\/td>\n<\/tr>\n<tr>\n<td>5010<\/td>\n<td>Regie c\u0103min &#8211; Octombrie<\/td>\n<\/tr>\n<tr>\n<td>5011<\/td>\n<td>Regie c\u0103min &#8211; Noiembrie<\/td>\n<\/tr>\n<tr>\n<td>5012<\/td>\n<td>Regie c\u0103min &#8211; Decembrie<\/td>\n<\/tr>\n<\/tbody>\n<\/table>\n<p><!-- \/epsilon\/about --><\/p>\n<h2><\/h2>\n<h2><strong>Scutiri de la plata regiei de c\u0103min<\/strong><\/h2>\n<p align=\"justify\">Sunt scuti\u021bi de la plata regiei de c\u0103min urm\u0103toarele categorii de studen\u021bi finan\u021ba\u021bi de la buget:<\/p>\n<ul>\n<li style=\"text-align: justify;\"><strong>Studen\u021bii copii ai personalului didactic aflat \u00een activitate<\/strong>. Ace\u0219tia trebuie s\u0103 prezinte administratorului c\u0103minului adeverin\u021ba din care s\u0103 rezulte c\u0103 cel pu\u021bin un p\u0103rinte este membru al personalului didactic (vizat\u0103 de Inspectoratul \u0218colar teritorial), <strong>emis\u0103 dup\u0103 data de 01.09.2025<\/strong>. Studen\u021bii copii ai personalului didactic aflat \u00een activitate vor beneficia \u00een semestrul I de scutire dac\u0103 depun adeverin\u021bele p\u00e2n\u0103 pe <strong>29 septembrie 2025<\/strong>. \u00cen cazul \u00een care ace\u0219tia depun adeverin\u021bele \u00een perioada de redistribuire a locurilor de cazare vor beneficia de scutire de la plata regiei de c\u0103min \u00eencep\u00e2nd cu <strong>1 ianuarie 2026<\/strong>;<br \/>\n<strong><\/strong><\/li>\n<li style=\"text-align: justify;\"><strong>Studen\u021bii copii ai personalului didactic<\/strong>, care pleac\u0103 pe primul semestru cu burs\u0103 <strong>Erasmus<\/strong> \u0219i vor ocupa un loc de cazare \u00eencep\u00e2nd cu semestrul al II-lea, trebuie s\u0103 depun\u0103 la Direc\u021bia Social\u0103 adeverin\u021ba din care s\u0103 rezulte c\u0103 cel pu\u021bin un p\u0103rinte este membru al personalului didactic \u00een perioada de rezerv\u0103ri Erasmus;<\/li>\n<li style=\"text-align: justify;\">Beneficiaz\u0103 de aceste prevederi \u0219i <strong>copiii personalului din sistemul de \u00eenv\u0103\u021b\u0103m\u00e2nt, copiii cu unul sau ambii p\u0103rin\u021bi deceda\u021bi, precum \u0219i copiii din familii monoparentale<\/strong>, prezent\u00e2nd la administratorii c\u0103minelor documentele aferente.<\/li>\n<\/ul>\n<p><!-- \/epsilon\/about --><\/p>\n","protected":false},"excerpt":{"rendered":"<p>Regia de c\u0103min Regia de c\u0103min reprezint\u0103 taxa lunar\u0103 ce se achit\u0103 \u00een func\u0163ie de consumul specific fiec\u0103rei camere, \u00een cadrul fiec\u0103rui c\u0103min. Tariful se calculeaz\u0103 conform procedurii descrise \u00een PO_DS\/SAC-01 privind calcularea regiei de c\u0103min \u0219i a \u00eentre\u0163inerii, fiind aprobat lunar de Consiliul de Administra\u0163ie ASE. Acest tarif este [&hellip;]<\/p>\n","protected":false},"author":539030,"featured_media":0,"parent":0,"menu_order":0,"comment_status":"closed","ping_status":"closed","template":"page-templates\/template-fullwidth.php","meta":{"_editorskit_title_hidden":false,"_editorskit_reading_time":0,"_editorskit_is_block_options_detached":false,"_editorskit_block_options_position":"{}","_monsterinsights_skip_tracking":false,"_monsterinsights_sitenote_active":false,"_monsterinsights_sitenote_note":"","_monsterinsights_sitenote_category":0,"_themeisle_gutenberg_block_has_review":false,"footnotes":""},"class_list":["post-2584","page","type-page","status-publish","hentry"],"_links":{"self":[{"href":"https:\/\/cazare.ase.ro\/index.php?rest_route=\/wp\/v2\/pages\/2584","targetHints":{"allow":["GET"]}}],"collection":[{"href":"https:\/\/cazare.ase.ro\/index.php?rest_route=\/wp\/v2\/pages"}],"about":[{"href":"https:\/\/cazare.ase.ro\/index.php?rest_route=\/wp\/v2\/types\/page"}],"author":[{"embeddable":true,"href":"https:\/\/cazare.ase.ro\/index.php?rest_route=\/wp\/v2\/users\/539030"}],"replies":[{"embeddable":true,"href":"https:\/\/cazare.ase.ro\/index.php?rest_route=%2Fwp%2Fv2%2Fcomments&post=2584"}],"version-history":[{"count":36,"href":"https:\/\/cazare.ase.ro\/index.php?rest_route=\/wp\/v2\/pages\/2584\/revisions"}],"predecessor-version":[{"id":5290,"href":"https:\/\/cazare.ase.ro\/index.php?rest_route=\/wp\/v2\/pages\/2584\/revisions\/5290"}],"wp:attachment":[{"href":"https:\/\/cazare.ase.ro\/index.php?rest_route=%2Fwp%2Fv2%2Fmedia&parent=2584"}],"curies":[{"name":"wp","href":"https:\/\/api.w.org\/{rel}","templated":true}]}}