{"id":2582,"date":"2018-10-04T12:35:33","date_gmt":"2018-10-04T09:35:33","guid":{"rendered":"https:\/\/cazare.ase.ro\/?page_id=2582"},"modified":"2019-03-25T09:46:48","modified_gmt":"2019-03-25T06:46:48","slug":"metodologii","status":"publish","type":"page","link":"https:\/\/cazare.ase.ro\/?page_id=2582","title":{"rendered":"Metodologii"},"content":{"rendered":"<div id=\"pl-2582\"  class=\"panel-layout\" ><div id=\"pg-2582-0\"  class=\"panel-grid panel-no-style\" ><div id=\"pgc-2582-0-0\"  class=\"panel-grid-cell\" ><div id=\"panel-2582-0-0-0\" class=\"so-panel widget widget_sow-editor panel-first-child\" data-index=\"0\" ><div\n\t\t\t\n\t\t\tclass=\"so-widget-sow-editor so-widget-sow-editor-base\"\n\t\t\t\n\t\t>\n<div class=\"siteorigin-widget-tinymce textwidget\">\n\t<p align='justify'>Mai jos g\u0103si\u021bi metodologiile privind cazarea studen\u021bilor Academiei de Studii Economice din Bucure\u0219ti \u00een toate etapele (prim\u0103var\u0103, var\u0103, toamn\u0103). Butoanele fac trimitere c\u0103tre pagina <a href=\"https:\/\/consilierstudenti.ase.ro\/noutati\/noutati\/\"><strong>Consilier Studen\u021bi ASE<\/strong><\/a>.<\/p>\n<\/div>\n<\/div><\/div><div id=\"panel-2582-0-0-1\" class=\"so-panel widget widget_sow-button\" data-index=\"1\" ><div\n\t\t\t\n\t\t\tclass=\"so-widget-sow-button so-widget-sow-button-wire-857739567c6a-2582\"\n\t\t\t\n\t\t><div class=\"ow-button-base ow-button-align-center\"\n>\n\t\t\t<a\n\t\t\t\t\thref=\"https:\/\/consilierstudenti.ase.ro\/metodologie-privind-cazarea-studentilor-in-caminele-ase-bucuresti-in-anul-universitar-2019-2020\/\"\n\t\t\t\t\tclass=\"sowb-button ow-icon-placement-right ow-button-hover\" target=\"_blank\" rel=\"noopener noreferrer\" \t>\n\t\t<span>\n\t\t\t<span class=\"sow-icon-fontawesome sow-far\" data-sow-icon=\"&#xf152;\"\n\t\tstyle=\"\" \n\t\taria-hidden=\"true\"><\/span>\n\t\t\tMetodologia privind cazarea studentilor in caminele ASE Bucuresti in anul universitar 2019 \u2013 2020\t\t<\/span>\n\t\t\t<\/a>\n\t<\/div>\n<\/div><\/div><div id=\"panel-2582-0-0-2\" class=\"so-panel widget widget_sow-button\" data-index=\"2\" ><div\n\t\t\t\n\t\t\tclass=\"so-widget-sow-button so-widget-sow-button-wire-857739567c6a-2582\"\n\t\t\t\n\t\t><div class=\"ow-button-base ow-button-align-center\"\n>\n\t\t\t<a\n\t\t\t\t\thref=\"https:\/\/consilierstudenti.ase.ro\/metodologie-cazare-2018-2019\/\"\n\t\t\t\t\tclass=\"sowb-button ow-icon-placement-right ow-button-hover\" target=\"_blank\" rel=\"noopener noreferrer\" \t>\n\t\t<span>\n\t\t\t<span class=\"sow-icon-fontawesome sow-far\" data-sow-icon=\"&#xf152;\"\n\t\tstyle=\"\" \n\t\taria-hidden=\"true\"><\/span>\n\t\t\tMetodologia privind cazarea studentilor in caminele ASE Bucuresti in anul universitar 2018 \u2013 2019\t\t<\/span>\n\t\t\t<\/a>\n\t<\/div>\n<\/div><\/div><div id=\"panel-2582-0-0-3\" class=\"so-panel widget widget_sow-button\" data-index=\"3\" ><div\n\t\t\t\n\t\t\tclass=\"so-widget-sow-button so-widget-sow-button-wire-857739567c6a-2582\"\n\t\t\t\n\t\t><div class=\"ow-button-base ow-button-align-center\"\n>\n\t\t\t<a\n\t\t\t\t\thref=\"https:\/\/consilierstudenti.ase.ro\/calendarul-studentului-2018-2019\/\"\n\t\t\t\t\tclass=\"sowb-button ow-icon-placement-right ow-button-hover\" target=\"_blank\" rel=\"noopener noreferrer\" \t>\n\t\t<span>\n\t\t\t<span class=\"sow-icon-fontawesome sow-far\" data-sow-icon=\"&#xf152;\"\n\t\tstyle=\"\" \n\t\taria-hidden=\"true\"><\/span>\n\t\t\tCalendarul Studentului 2018 2019\t\t<\/span>\n\t\t\t<\/a>\n\t<\/div>\n<\/div><\/div><div id=\"panel-2582-0-0-4\" class=\"so-panel widget widget_sow-button panel-last-child\" data-index=\"4\" ><div\n\t\t\t\n\t\t\tclass=\"so-widget-sow-button so-widget-sow-button-wire-857739567c6a-2582\"\n\t\t\t\n\t\t><div class=\"ow-button-base ow-button-align-center\"\n>\n\t\t\t<a\n\t\t\t\t\thref=\"https:\/\/consilierstudenti.ase.ro\/metodologie-cazare-vara-2018\/\"\n\t\t\t\t\tclass=\"sowb-button ow-icon-placement-right ow-button-hover\" target=\"_blank\" rel=\"noopener noreferrer\" \t>\n\t\t<span>\n\t\t\t<span class=\"sow-icon-fontawesome sow-far\" data-sow-icon=\"&#xf152;\"\n\t\tstyle=\"\" \n\t\taria-hidden=\"true\"><\/span>\n\t\t\tMetodologie privind cazarea studentilor in camine pe perioada vacantei de vara a anului universitar 2017 \u2013 2018\t\t<\/span>\n\t\t\t<\/a>\n\t<\/div>\n<\/div><\/div><\/div><\/div><div id=\"pg-2582-1\"  class=\"panel-grid panel-no-style\" ><div id=\"pgc-2582-1-0\"  class=\"panel-grid-cell panel-grid-cell-empty\" ><\/div><\/div><\/div>","protected":false},"excerpt":{"rendered":"<p>Mai jos g\u0103si\u021bi metodologiile privind cazarea studen\u021bilor Academiei de Studii Economice din Bucure\u0219ti \u00een toate etapele (prim\u0103var\u0103, var\u0103, toamn\u0103). Butoanele fac trimitere c\u0103tre pagina Consilier Studen\u021bi ASE.<\/p>\n","protected":false},"author":539030,"featured_media":0,"parent":0,"menu_order":0,"comment_status":"closed","ping_status":"closed","template":"page-templates\/template-fullwidth.php","meta":{"_editorskit_title_hidden":false,"_editorskit_reading_time":0,"_editorskit_is_block_options_detached":false,"_editorskit_block_options_position":"{}","_monsterinsights_skip_tracking":false,"_monsterinsights_sitenote_active":false,"_monsterinsights_sitenote_note":"","_monsterinsights_sitenote_category":0,"_themeisle_gutenberg_block_has_review":false,"footnotes":""},"class_list":["post-2582","page","type-page","status-publish","hentry"],"_links":{"self":[{"href":"https:\/\/cazare.ase.ro\/index.php?rest_route=\/wp\/v2\/pages\/2582","targetHints":{"allow":["GET"]}}],"collection":[{"href":"https:\/\/cazare.ase.ro\/index.php?rest_route=\/wp\/v2\/pages"}],"about":[{"href":"https:\/\/cazare.ase.ro\/index.php?rest_route=\/wp\/v2\/types\/page"}],"author":[{"embeddable":true,"href":"https:\/\/cazare.ase.ro\/index.php?rest_route=\/wp\/v2\/users\/539030"}],"replies":[{"embeddable":true,"href":"https:\/\/cazare.ase.ro\/index.php?rest_route=%2Fwp%2Fv2%2Fcomments&post=2582"}],"version-history":[{"count":18,"href":"https:\/\/cazare.ase.ro\/index.php?rest_route=\/wp\/v2\/pages\/2582\/revisions"}],"predecessor-version":[{"id":3209,"href":"https:\/\/cazare.ase.ro\/index.php?rest_route=\/wp\/v2\/pages\/2582\/revisions\/3209"}],"wp:attachment":[{"href":"https:\/\/cazare.ase.ro\/index.php?rest_route=%2Fwp%2Fv2%2Fmedia&parent=2582"}],"curies":[{"name":"wp","href":"https:\/\/api.w.org\/{rel}","templated":true}]}}