{"id":2580,"date":"2018-10-04T12:35:18","date_gmt":"2018-10-04T09:35:18","guid":{"rendered":"https:\/\/cazare.ase.ro\/?page_id=2580"},"modified":"2025-12-17T19:19:38","modified_gmt":"2025-12-17T16:19:38","slug":"camine","status":"publish","type":"page","link":"https:\/\/cazare.ase.ro\/?page_id=2580","title":{"rendered":"C\u0103mine"},"content":{"rendered":"<div id=\"pl-2580\"  class=\"panel-layout\" ><div id=\"pg-2580-0\"  class=\"panel-grid panel-no-style\" ><div id=\"pgc-2580-0-0\"  class=\"panel-grid-cell\" ><div id=\"panel-2580-0-0-0\" class=\"so-panel widget widget_sow-editor panel-first-child panel-last-child\" data-index=\"0\" ><div\n\t\t\t\n\t\t\tclass=\"so-widget-sow-editor so-widget-sow-editor-base\"\n\t\t\t\n\t\t>\n<div class=\"siteorigin-widget-tinymce textwidget\">\n\t<h2 style=\"text-align: center;\"><strong>Traiul \u00een Bucure\u0219ti nu a fost niciodat\u0103 mai simplu<\/strong><\/h2>\n<p style=\"text-align: center;\">Academia de Studii Economice din Bucure\u0219ti ofer\u0103 studen\u021bilor s\u0103i cele mai bune condi\u021bii \u00een cele 7 campusuri: Complex Moxa, Complex Belvedere Nou, Tei C1, Complex Belvedere Vechi, Complex Agronomie, C\u0103minul Occidentului, C\u0103minul Vitan.<\/p>\n<\/div>\n<\/div><\/div><\/div><\/div><div id=\"pg-2580-1\"  class=\"panel-grid panel-no-style\" ><div id=\"pgc-2580-1-0\"  class=\"panel-grid-cell\" ><div id=\"panel-2580-1-0-0\" class=\"so-panel widget widget_sow-editor panel-first-child panel-last-child\" data-index=\"1\" ><div\n\t\t\t\n\t\t\tclass=\"so-widget-sow-editor so-widget-sow-editor-base\"\n\t\t\t\n\t\t>\n<div class=\"siteorigin-widget-tinymce textwidget\">\n\t<hr \/>\n<p>&nbsp;<\/p>\n<\/div>\n<\/div><\/div><\/div><\/div><div id=\"pg-2580-2\"  class=\"panel-grid panel-no-style\" ><div id=\"pgc-2580-2-0\"  class=\"panel-grid-cell\" ><div id=\"panel-2580-2-0-0\" class=\"so-panel widget widget_sow-image panel-first-child panel-last-child\" data-index=\"2\" ><div\n\t\t\t\n\t\t\tclass=\"so-widget-sow-image so-widget-sow-image-default-8b5b6f678277-2580\"\n\t\t\t\n\t\t>\n<div class=\"sow-image-container\">\n\t\t<img \n\tsrc=\"https:\/\/cazare.ase.ro\/wp-content\/uploads\/2019\/01\/moxa-map.png\" width=\"2916\" height=\"1667\" srcset=\"https:\/\/cazare.ase.ro\/wp-content\/uploads\/2019\/01\/moxa-map.png 2916w, https:\/\/cazare.ase.ro\/wp-content\/uploads\/2019\/01\/moxa-map-300x172.png 300w, https:\/\/cazare.ase.ro\/wp-content\/uploads\/2019\/01\/moxa-map-768x439.png 768w, https:\/\/cazare.ase.ro\/wp-content\/uploads\/2019\/01\/moxa-map-1024x585.png 1024w\" sizes=\"(max-width: 2916px) 100vw, 2916px\" alt=\"\" \t\tclass=\"so-widget-image\"\/>\n\t<\/div>\n\n<\/div><\/div><\/div><div id=\"pgc-2580-2-1\"  class=\"panel-grid-cell\" ><div id=\"panel-2580-2-1-0\" class=\"so-panel widget widget_sow-editor panel-first-child panel-last-child\" data-index=\"3\" ><div\n\t\t\t\n\t\t\tclass=\"so-widget-sow-editor so-widget-sow-editor-base\"\n\t\t\t\n\t\t>\n<div class=\"siteorigin-widget-tinymce textwidget\">\n\t<h2><strong>Moxa D (gradul I de confort)<\/strong><\/h2>\n<p align=\"justify\">Complexul Moxa are \u00een componen\u021b\u0103 mai multe c\u0103mine, dintre care Moxa D este dedicat studen\u021bilor. Este \u00eencadrat la gradul I de confort, iar \u00een aceea\u0219i curte vei g\u0103si Cantina Moxa, Cabinetul Medical \u0219i Cabinetul Stomatologic. De aici \u0219i p\u00e2n\u0103 \u00een Pia\u021ba Roman\u0103 faci 12 minute pe jos.<\/p>\n<\/div>\n<\/div><\/div><\/div><\/div><div id=\"pg-2580-3\"  class=\"panel-grid panel-no-style\" ><div id=\"pgc-2580-3-0\"  class=\"panel-grid-cell\" ><div id=\"panel-2580-3-0-0\" class=\"so-panel widget widget_sow-editor panel-first-child panel-last-child\" data-index=\"4\" ><div\n\t\t\t\n\t\t\tclass=\"so-widget-sow-editor so-widget-sow-editor-base\"\n\t\t\t\n\t\t>\n<div class=\"siteorigin-widget-tinymce textwidget\">\n\t<table width=\"0\">\n<tbody>\n<tr>\n<td><strong>Adres\u0103<\/strong><\/td>\n<td><strong>Administrator<\/strong><\/td>\n<td><strong>General<\/strong><\/td>\n<td><strong>Baie<\/strong><\/td>\n<\/tr>\n<tr>\n<td>Mihail Moxa 11<br \/>\nSector 1<\/td>\n<td>Andrei Lenu\u021ba<br \/>\n0728 881 172<\/td>\n<td>Gradul I de confort<br \/>\nC\u0103min MIXT<br \/>\n4 persoane \/ camer\u0103<\/td>\n<td>\u00cen camer\u0103<\/td>\n<\/tr>\n<tr>\n<td><strong>Facilit\u0103\u021bi<\/strong><\/td>\n<td colspan=\"3\">2 oficii<br \/>\n2 s\u0103li de lectur\u0103<br \/>\nCabinetul Moxa - parter<br \/>\nCabinetul Stomatologic - \u00een curtea campusului<br \/>\nCantina Moxa - \u00een curtea campusului<\/td>\n<\/tr>\n<tr>\n<td><strong>Cum ajung?<\/strong><\/td>\n<td colspan=\"3\">12 minute din Pia\u021ba Roman\u0103<\/td>\n<\/tr>\n<\/tbody>\n<\/table>\n<\/div>\n<\/div><\/div><\/div><\/div><div id=\"pg-2580-4\"  class=\"panel-grid panel-no-style\" ><div id=\"pgc-2580-4-0\"  class=\"panel-grid-cell\" ><div id=\"panel-2580-4-0-0\" class=\"so-panel widget widget_sow-editor panel-first-child panel-last-child\" data-index=\"5\" ><div\n\t\t\t\n\t\t\tclass=\"so-widget-sow-editor so-widget-sow-editor-base\"\n\t\t\t\n\t\t>\n<div class=\"siteorigin-widget-tinymce textwidget\">\n\t<hr \/>\n<p>&nbsp;<\/p>\n<\/div>\n<\/div><\/div><\/div><\/div><div id=\"pg-2580-5\"  class=\"panel-grid panel-no-style\" ><div id=\"pgc-2580-5-0\"  class=\"panel-grid-cell\" ><div id=\"panel-2580-5-0-0\" class=\"so-panel widget widget_sow-image panel-first-child panel-last-child\" data-index=\"6\" ><div\n\t\t\t\n\t\t\tclass=\"so-widget-sow-image so-widget-sow-image-default-8b5b6f678277-2580\"\n\t\t\t\n\t\t>\n<div class=\"sow-image-container\">\n\t\t<img \n\tsrc=\"https:\/\/cazare.ase.ro\/wp-content\/uploads\/2019\/01\/belv-map.png\" width=\"2916\" height=\"1667\" srcset=\"https:\/\/cazare.ase.ro\/wp-content\/uploads\/2019\/01\/belv-map.png 2916w, https:\/\/cazare.ase.ro\/wp-content\/uploads\/2019\/01\/belv-map-300x172.png 300w, https:\/\/cazare.ase.ro\/wp-content\/uploads\/2019\/01\/belv-map-768x439.png 768w, https:\/\/cazare.ase.ro\/wp-content\/uploads\/2019\/01\/belv-map-1024x585.png 1024w\" sizes=\"(max-width: 2916px) 100vw, 2916px\" alt=\"\" \t\tclass=\"so-widget-image\"\/>\n\t<\/div>\n\n<\/div><\/div><\/div><div id=\"pgc-2580-5-1\"  class=\"panel-grid-cell\" ><div id=\"panel-2580-5-1-0\" class=\"so-panel widget widget_sow-editor panel-first-child panel-last-child\" data-index=\"7\" ><div\n\t\t\t\n\t\t\tclass=\"so-widget-sow-editor so-widget-sow-editor-base\"\n\t\t\t\n\t\t>\n<div class=\"siteorigin-widget-tinymce textwidget\">\n\t<h2><strong>Belvedere Nou A6, A7, A8 (gradul I de confort)<\/strong><\/h2>\n<p>Complexul Belvedere Nou are \u00een componen\u021b\u0103 3 c\u0103mine (A6, A7, A8) \u00eencadrate la gradul I de confort. Sunt situate \u00een apropiere de Regie, la 15 minute de la sta\u021bia de metrou Cr\u00e2nga\u0219i.<\/p>\n<\/div>\n<\/div><\/div><\/div><\/div><div id=\"pg-2580-6\"  class=\"panel-grid panel-no-style\" ><div id=\"pgc-2580-6-0\"  class=\"panel-grid-cell\" ><div id=\"panel-2580-6-0-0\" class=\"so-panel widget widget_sow-editor panel-first-child panel-last-child\" data-index=\"8\" ><div\n\t\t\t\n\t\t\tclass=\"so-widget-sow-editor so-widget-sow-editor-base\"\n\t\t\t\n\t\t>\n<div class=\"siteorigin-widget-tinymce textwidget\">\n\t<table width=\"914\" height=\"386\">\n<tbody>\n<tr>\n<td><strong>Adres\u0103<\/strong><\/td>\n<td><strong>Administrator<\/strong><\/td>\n<td><strong>General<\/strong><\/td>\n<td><strong>Baie<\/strong><\/td>\n<\/tr>\n<tr>\n<td>Chibzuin\u021bei 2<br \/>\nSector 6<\/td>\n<td>Bardac Geta<br \/>\n0728 884 694<\/td>\n<td>Gradul I de confort<br \/>\nC\u0103min MIXT<br \/>\n4 persoane \/ camer\u0103<\/td>\n<td>\u00cen camer\u0103<\/td>\n<\/tr>\n<tr>\n<td><strong>Facilit\u0103\u021bi<\/strong><\/td>\n<td colspan=\"3\">oficiu la fiecare etaj<br \/>\ns\u0103li de lectur\u0103<\/td>\n<\/tr>\n<tr>\n<td><strong>Cum ajung?<\/strong><\/td>\n<td colspan=\"3\">METROU (Sta\u021bia Cr\u00e2nga\u0219i\/Groz\u0103ve\u0219ti)<br \/>\n+ 15 minute de mers pe jos sau RATB 133 (Sta\u021bia Fluviului) + 15 minute de mers pe jos<\/td>\n<\/tr>\n<\/tbody>\n<\/table>\n<\/div>\n<\/div><\/div><\/div><\/div><div id=\"pg-2580-7\"  class=\"panel-grid panel-no-style\" ><div id=\"pgc-2580-7-0\"  class=\"panel-grid-cell\" ><div id=\"panel-2580-7-0-0\" class=\"so-panel widget widget_sow-editor panel-first-child panel-last-child\" data-index=\"9\" ><div\n\t\t\t\n\t\t\tclass=\"so-widget-sow-editor so-widget-sow-editor-base\"\n\t\t\t\n\t\t>\n<div class=\"siteorigin-widget-tinymce textwidget\">\n\t<hr \/>\n<p>&nbsp;<\/p>\n<\/div>\n<\/div><\/div><\/div><\/div><div id=\"pg-2580-8\"  class=\"panel-grid panel-no-style\" ><div id=\"pgc-2580-8-0\"  class=\"panel-grid-cell\" ><div id=\"panel-2580-8-0-0\" class=\"so-panel widget widget_sow-image panel-first-child panel-last-child\" data-index=\"10\" ><div\n\t\t\t\n\t\t\tclass=\"so-widget-sow-image so-widget-sow-image-default-8b5b6f678277-2580\"\n\t\t\t\n\t\t>\n<div class=\"sow-image-container\">\n\t\t<img \n\tsrc=\"https:\/\/cazare.ase.ro\/wp-content\/uploads\/2019\/01\/tei-map.png\" width=\"2916\" height=\"1667\" srcset=\"https:\/\/cazare.ase.ro\/wp-content\/uploads\/2019\/01\/tei-map.png 2916w, https:\/\/cazare.ase.ro\/wp-content\/uploads\/2019\/01\/tei-map-300x172.png 300w, https:\/\/cazare.ase.ro\/wp-content\/uploads\/2019\/01\/tei-map-768x439.png 768w, https:\/\/cazare.ase.ro\/wp-content\/uploads\/2019\/01\/tei-map-1024x585.png 1024w\" sizes=\"(max-width: 2916px) 100vw, 2916px\" alt=\"\" \t\tclass=\"so-widget-image\"\/>\n\t<\/div>\n\n<\/div><\/div><\/div><div id=\"pgc-2580-8-1\"  class=\"panel-grid-cell\" ><div id=\"panel-2580-8-1-0\" class=\"so-panel widget widget_sow-editor panel-first-child panel-last-child\" data-index=\"11\" ><div\n\t\t\t\n\t\t\tclass=\"so-widget-sow-editor so-widget-sow-editor-base\"\n\t\t\t\n\t\t>\n<div class=\"siteorigin-widget-tinymce textwidget\">\n\t<h2><strong>Tei C1 (gradele I \u0219i II de confort)<\/strong><\/h2>\n<p align=\"justify\">Aflat foarte aproape de Lacul Tei, c\u0103minul Tei C1 ofer\u0103 studen\u021bilor Academiei de Studii Economice din Bucure\u0219ti condi\u021bii decente de trai, fiecare camer\u0103 av\u00e2nd baie proprie. C\u0103minul dispune \u0219i de s\u0103li de lectur\u0103 \u0219i oficii.<\/p>\n<\/div>\n<\/div><\/div><\/div><\/div><div id=\"pg-2580-9\"  class=\"panel-grid panel-no-style\" ><div id=\"pgc-2580-9-0\"  class=\"panel-grid-cell\" ><div id=\"panel-2580-9-0-0\" class=\"so-panel widget widget_sow-editor panel-first-child panel-last-child\" data-index=\"12\" ><div\n\t\t\t\n\t\t\tclass=\"so-widget-sow-editor so-widget-sow-editor-base\"\n\t\t\t\n\t\t>\n<div class=\"siteorigin-widget-tinymce textwidget\">\n\t<table width=\"0\">\n<tbody>\n<tr>\n<td><strong>Adres\u0103<\/strong><\/td>\n<td><strong>Administrator<\/strong><\/td>\n<td><strong>General<\/strong><\/td>\n<td><strong>Baie<\/strong><\/td>\n<\/tr>\n<tr>\n<td>Lacul Tei 116<br \/>\nSector 2<\/td>\n<td>Iosif Alexandru<br \/>\niosif.alexandru@ase.ro<\/td>\n<td>Gradele I \u0219i II de confort<br \/>\nC\u0103min MIXT<br \/>\n4 persoane \/ camer\u0103<\/td>\n<td>\u00cen camer\u0103<\/td>\n<\/tr>\n<tr>\n<td><strong>Facilit\u0103\u021bi<\/strong><\/td>\n<td colspan=\"3\">sal\u0103 de lectur\u0103<\/td>\n<\/tr>\n<tr>\n<td><strong>Cum ajung?<\/strong><\/td>\n<td colspan=\"3\">METROU (Sta\u021bia \u0218tefan cel Mare) + 15 minute de mers pe jos \/ RATB 182, 282 (Sta\u021bia Maica Domnului)<\/td>\n<\/tr>\n<\/tbody>\n<\/table>\n<\/div>\n<\/div><\/div><\/div><\/div><div id=\"pg-2580-10\"  class=\"panel-grid panel-no-style\" ><div id=\"pgc-2580-10-0\"  class=\"panel-grid-cell\" ><div id=\"panel-2580-10-0-0\" class=\"so-panel widget widget_sow-editor panel-first-child panel-last-child\" data-index=\"13\" ><div\n\t\t\t\n\t\t\tclass=\"so-widget-sow-editor so-widget-sow-editor-base\"\n\t\t\t\n\t\t>\n<div class=\"siteorigin-widget-tinymce textwidget\">\n\t<hr \/>\n<p>&nbsp;<\/p>\n<\/div>\n<\/div><\/div><\/div><\/div><div id=\"pg-2580-11\"  class=\"panel-grid panel-no-style\" ><div id=\"pgc-2580-11-0\"  class=\"panel-grid-cell\" ><div id=\"panel-2580-11-0-0\" class=\"so-panel widget widget_sow-image panel-first-child panel-last-child\" data-index=\"14\" ><div\n\t\t\t\n\t\t\tclass=\"so-widget-sow-image so-widget-sow-image-default-8b5b6f678277-2580\"\n\t\t\t\n\t\t>\n<div class=\"sow-image-container\">\n\t\t<img \n\tsrc=\"https:\/\/cazare.ase.ro\/wp-content\/uploads\/2019\/01\/belvv-map.png\" width=\"2916\" height=\"1667\" srcset=\"https:\/\/cazare.ase.ro\/wp-content\/uploads\/2019\/01\/belvv-map.png 2916w, https:\/\/cazare.ase.ro\/wp-content\/uploads\/2019\/01\/belvv-map-300x172.png 300w, https:\/\/cazare.ase.ro\/wp-content\/uploads\/2019\/01\/belvv-map-768x439.png 768w, https:\/\/cazare.ase.ro\/wp-content\/uploads\/2019\/01\/belvv-map-1024x585.png 1024w\" sizes=\"(max-width: 2916px) 100vw, 2916px\" alt=\"\" \t\tclass=\"so-widget-image\"\/>\n\t<\/div>\n\n<\/div><\/div><\/div><div id=\"pgc-2580-11-1\"  class=\"panel-grid-cell\" ><div id=\"panel-2580-11-1-0\" class=\"so-panel widget widget_sow-editor panel-first-child panel-last-child\" data-index=\"15\" ><div\n\t\t\t\n\t\t\tclass=\"so-widget-sow-editor so-widget-sow-editor-base\"\n\t\t\t\n\t\t>\n<div class=\"siteorigin-widget-tinymce textwidget\">\n\t<h2><strong>Belvedere Vechi A1, A2, A3, A4 (gradul al II-lea de confort)<\/strong><\/h2>\n<p align=\"justify\">Nu departe de Complexul Belvedere Nou, C\u0103minele A1, A2, A3 \u0219i A4 ofer\u0103 studen\u021bilor camere a c\u00e2te 2 locuri. \u00cen vreme ce A4 este c\u0103min de b\u0103ie\u021bi, A1, A2 \u0219i A3 sunt c\u0103mine de fete. Adresa este Str. Cristian Pascal 27.<\/p>\n<\/div>\n<\/div><\/div><\/div><\/div><div id=\"pg-2580-12\"  class=\"panel-grid panel-no-style\" ><div id=\"pgc-2580-12-0\"  class=\"panel-grid-cell\" ><div id=\"panel-2580-12-0-0\" class=\"so-panel widget widget_sow-editor panel-first-child panel-last-child\" data-index=\"16\" ><div\n\t\t\t\n\t\t\tclass=\"so-widget-sow-editor so-widget-sow-editor-base\"\n\t\t\t\n\t\t>\n<div class=\"siteorigin-widget-tinymce textwidget\">\n\t<table width=\"0\">\n<tbody>\n<tr>\n<td><strong>Adres\u0103<\/strong><\/td>\n<td><strong>Administrator<\/strong><\/td>\n<td><strong>General<\/strong><\/td>\n<td><strong>Baie<\/strong><\/td>\n<\/tr>\n<tr>\n<td>Cristian Pascal 27<br \/>\nSector 6<\/td>\n<td>P\u0103dure Andrei<br \/>\n0728 881 165<\/td>\n<td>Gradul II de confort<br \/>\nA1\/A2\/A3 (fete), A4 (b\u0103ie\u021bi)<br \/>\n2 persoane \/ camer\u0103<\/td>\n<td>Pe hol<\/td>\n<\/tr>\n<tr>\n<td><strong>Facilit\u0103\u021bi<\/strong><\/td>\n<td colspan=\"3\">2 biblioteci<\/td>\n<\/tr>\n<tr>\n<td><strong>Cum ajung?<\/strong><\/td>\n<td colspan=\"3\">METROU (Sta\u021bia Cr\u00e2nga\u0219i\/Groz\u0103ve\u0219ti) + 15 minute de mers pe jos sau RATB 133 (Sta\u021bia Sta\u021bia Fluviului) + 15 minute de mers pe jos<\/td>\n<\/tr>\n<\/tbody>\n<\/table>\n<\/div>\n<\/div><\/div><\/div><\/div><div id=\"pg-2580-13\"  class=\"panel-grid panel-no-style\" ><div id=\"pgc-2580-13-0\"  class=\"panel-grid-cell\" ><div id=\"panel-2580-13-0-0\" class=\"so-panel widget widget_sow-editor panel-first-child panel-last-child\" data-index=\"17\" ><div\n\t\t\t\n\t\t\tclass=\"so-widget-sow-editor so-widget-sow-editor-base\"\n\t\t\t\n\t\t>\n<div class=\"siteorigin-widget-tinymce textwidget\">\n\t<hr \/>\n<p>&nbsp;<\/p>\n<\/div>\n<\/div><\/div><\/div><\/div><div id=\"pg-2580-14\"  class=\"panel-grid panel-no-style\" ><div id=\"pgc-2580-14-0\"  class=\"panel-grid-cell\" ><div id=\"panel-2580-14-0-0\" class=\"so-panel widget widget_sow-image panel-first-child panel-last-child\" data-index=\"18\" ><div\n\t\t\t\n\t\t\tclass=\"so-widget-sow-image so-widget-sow-image-default-8b5b6f678277-2580\"\n\t\t\t\n\t\t>\n<div class=\"sow-image-container\">\n\t\t<img \n\tsrc=\"https:\/\/cazare.ase.ro\/wp-content\/uploads\/2019\/01\/agro-map.png\" width=\"2916\" height=\"1667\" srcset=\"https:\/\/cazare.ase.ro\/wp-content\/uploads\/2019\/01\/agro-map.png 2916w, https:\/\/cazare.ase.ro\/wp-content\/uploads\/2019\/01\/agro-map-300x172.png 300w, https:\/\/cazare.ase.ro\/wp-content\/uploads\/2019\/01\/agro-map-768x439.png 768w, https:\/\/cazare.ase.ro\/wp-content\/uploads\/2019\/01\/agro-map-1024x585.png 1024w\" sizes=\"(max-width: 2916px) 100vw, 2916px\" alt=\"\" \t\tclass=\"so-widget-image\"\/>\n\t<\/div>\n\n<\/div><\/div><\/div><div id=\"pgc-2580-14-1\"  class=\"panel-grid-cell\" ><div id=\"panel-2580-14-1-0\" class=\"so-panel widget widget_sow-editor panel-first-child panel-last-child\" data-index=\"19\" ><div\n\t\t\t\n\t\t\tclass=\"so-widget-sow-editor so-widget-sow-editor-base\"\n\t\t\t\n\t\t>\n<div class=\"siteorigin-widget-tinymce textwidget\">\n\t<h2><strong>Agronomie C1, C2 (gradul al II-lea de confort)<\/strong><\/h2>\n<p align=\"justify\">C\u0103minele C1 \u0219i C2 din Complexul Agronomie sunt destinate studen\u021bilor ASE. Acestea dispun de s\u0103li de lectur\u0103, oficii, dar \u0219i o sal\u0103 de sport, iar camerele au c\u00e2te 3 locuri. C\u0103minul C1 este de fete, iar C2 de b\u0103ie\u021bi.<\/p>\n<\/div>\n<\/div><\/div><\/div><\/div><div id=\"pg-2580-15\"  class=\"panel-grid panel-no-style\" ><div id=\"pgc-2580-15-0\"  class=\"panel-grid-cell\" ><div id=\"panel-2580-15-0-0\" class=\"so-panel widget widget_sow-editor panel-first-child panel-last-child\" data-index=\"20\" ><div\n\t\t\t\n\t\t\tclass=\"so-widget-sow-editor so-widget-sow-editor-base\"\n\t\t\t\n\t\t>\n<div class=\"siteorigin-widget-tinymce textwidget\">\n\t<table width=\"0\">\n<tbody>\n<tr>\n<td><strong>Adres\u0103<\/strong><\/td>\n<td><strong>Administrator<\/strong><\/td>\n<td><strong>General<\/strong><\/td>\n<td><strong>Baie<\/strong><\/td>\n<\/tr>\n<tr>\n<td>M\u0103r\u0103\u0219ti 59<br \/>\nSector 1<\/td>\n<td>Ghiur Silvia<br \/>\n0728 881 173<\/td>\n<td>Gradul II de confort<br \/>\nC1 (fete), C2 (b\u0103ie\u021bi)<br \/>\n3 persoane \/ camer\u0103<\/td>\n<td>Pe hol<\/td>\n<\/tr>\n<tr>\n<td><strong>Facilit\u0103\u021bi<\/strong><\/td>\n<td colspan=\"3\">sal\u0103 de lectur\u0103<br \/>\n4 oficii<\/td>\n<\/tr>\n<tr>\n<td><strong>Cum ajung?<\/strong><\/td>\n<td colspan=\"3\">METROU (Sta\u021bia 1 Mai) + 10 minute de mers pe jos sau RATB 300 (Sta\u021bia Sandu Aldea)<\/td>\n<\/tr>\n<\/tbody>\n<\/table>\n<\/div>\n<\/div><\/div><\/div><\/div><div id=\"pg-2580-16\"  class=\"panel-grid panel-no-style\" ><div id=\"pgc-2580-16-0\"  class=\"panel-grid-cell\" ><div id=\"panel-2580-16-0-0\" class=\"so-panel widget widget_sow-editor panel-first-child panel-last-child\" data-index=\"21\" ><div\n\t\t\t\n\t\t\tclass=\"so-widget-sow-editor so-widget-sow-editor-base\"\n\t\t\t\n\t\t>\n<div class=\"siteorigin-widget-tinymce textwidget\">\n\t<hr \/>\n<p>&nbsp;<\/p>\n<\/div>\n<\/div><\/div><\/div><\/div><div id=\"pg-2580-17\"  class=\"panel-grid panel-no-style\" ><div id=\"pgc-2580-17-0\"  class=\"panel-grid-cell\" ><div id=\"panel-2580-17-0-0\" class=\"so-panel widget widget_sow-image panel-first-child panel-last-child\" data-index=\"22\" ><div\n\t\t\t\n\t\t\tclass=\"so-widget-sow-image so-widget-sow-image-default-8b5b6f678277-2580\"\n\t\t\t\n\t\t>\n<div class=\"sow-image-container\">\n\t\t<img \n\tsrc=\"https:\/\/cazare.ase.ro\/wp-content\/uploads\/2019\/01\/occ-map.png\" width=\"2916\" height=\"1667\" srcset=\"https:\/\/cazare.ase.ro\/wp-content\/uploads\/2019\/01\/occ-map.png 2916w, https:\/\/cazare.ase.ro\/wp-content\/uploads\/2019\/01\/occ-map-300x172.png 300w, https:\/\/cazare.ase.ro\/wp-content\/uploads\/2019\/01\/occ-map-768x439.png 768w, https:\/\/cazare.ase.ro\/wp-content\/uploads\/2019\/01\/occ-map-1024x585.png 1024w\" sizes=\"(max-width: 2916px) 100vw, 2916px\" alt=\"\" \t\tclass=\"so-widget-image\"\/>\n\t<\/div>\n\n<\/div><\/div><\/div><div id=\"pgc-2580-17-1\"  class=\"panel-grid-cell\" ><div id=\"panel-2580-17-1-0\" class=\"so-panel widget widget_sow-editor panel-first-child panel-last-child\" data-index=\"23\" ><div\n\t\t\t\n\t\t\tclass=\"so-widget-sow-editor so-widget-sow-editor-base\"\n\t\t\t\n\t\t>\n<div class=\"siteorigin-widget-tinymce textwidget\">\n\t<h2><strong>Occidentului (gradul I de confort)<\/strong><\/h2>\n<p align=\"justify\">Foarte aproape de Pia\u021ba Buze\u0219ti, c\u0103minul Occidentului ofer\u0103 cele mai bune condi\u021bii studen\u021bilor doctoranzi ai Academiei de Studii Economice din Bucure\u0219ti. Cl\u0103direa dispune de s\u0103li de lectur\u0103, oficii \u0219i un restaurant la ultimul etaj.<\/p>\n<\/div>\n<\/div><\/div><\/div><\/div><div id=\"pg-2580-18\"  class=\"panel-grid panel-no-style\" ><div id=\"pgc-2580-18-0\"  class=\"panel-grid-cell\" ><div id=\"panel-2580-18-0-0\" class=\"so-panel widget widget_sow-editor panel-first-child panel-last-child\" data-index=\"24\" ><div\n\t\t\t\n\t\t\tclass=\"so-widget-sow-editor so-widget-sow-editor-base\"\n\t\t\t\n\t\t>\n<div class=\"siteorigin-widget-tinymce textwidget\">\n\t<table width=\"0\">\n<tbody>\n<tr>\n<td><strong>Adres\u0103<\/strong><\/td>\n<td><strong>Administrator<\/strong><\/td>\n<td><strong>General<\/strong><\/td>\n<td><strong>Baie<\/strong><\/td>\n<\/tr>\n<tr>\n<td>Occidentului 7<br \/>\nSector 1<\/td>\n<td>Popescu Constantin<br \/>\n0720 041 873<\/td>\n<td>Gradul I de confort<br \/>\nDoar pentru doctoranzi<br \/>\n2 persoane \/ camer\u0103<\/td>\n<td>\u00cen camer\u0103<\/td>\n<\/tr>\n<tr>\n<td><strong>Facilit\u0103\u021bi<\/strong><\/td>\n<td colspan=\"3\">s\u0103li de lectur\u0103<br \/>\noficii<\/td>\n<\/tr>\n<tr>\n<td><strong>Cum ajung?<\/strong><\/td>\n<td colspan=\"3\">16 minute de mers pe jos din Pia\u021ba Roman\u0103 sau RATB 79, 86 (Sta\u021bia Pia\u021ba Buze\u0219ti)<\/td>\n<\/tr>\n<tr>\n<td><strong>Plat\u0103<\/strong><\/td>\n<td colspan=\"3\">650 LEI pentru camer\u0103 dubl\u0103 \u0219i 800 LEI pentru camer\u0103 single<\/td>\n<\/tr>\n<\/tbody>\n<\/table>\n<\/div>\n<\/div><\/div><\/div><\/div><div id=\"pg-2580-19\"  class=\"panel-grid panel-no-style\" ><div id=\"pgc-2580-19-0\"  class=\"panel-grid-cell\" ><div id=\"panel-2580-19-0-0\" class=\"so-panel widget widget_sow-editor panel-first-child panel-last-child\" data-index=\"25\" ><div\n\t\t\t\n\t\t\tclass=\"so-widget-sow-editor so-widget-sow-editor-base\"\n\t\t\t\n\t\t>\n<div class=\"siteorigin-widget-tinymce textwidget\">\n\t<hr \/>\n<p>&nbsp;<\/p>\n<\/div>\n<\/div><\/div><\/div><\/div><div id=\"pg-2580-20\"  class=\"panel-grid panel-no-style\" ><div id=\"pgc-2580-20-0\"  class=\"panel-grid-cell\" ><div id=\"panel-2580-20-0-0\" class=\"so-panel widget widget_sow-image panel-first-child panel-last-child\" data-index=\"26\" ><div\n\t\t\t\n\t\t\tclass=\"so-widget-sow-image so-widget-sow-image-default-8b5b6f678277-2580\"\n\t\t\t\n\t\t>\n<div class=\"sow-image-container\">\n\t\t<img \n\tsrc=\"https:\/\/cazare.ase.ro\/wp-content\/uploads\/2019\/01\/vitan-map.png\" width=\"2916\" height=\"1667\" srcset=\"https:\/\/cazare.ase.ro\/wp-content\/uploads\/2019\/01\/vitan-map.png 2916w, https:\/\/cazare.ase.ro\/wp-content\/uploads\/2019\/01\/vitan-map-300x172.png 300w, https:\/\/cazare.ase.ro\/wp-content\/uploads\/2019\/01\/vitan-map-768x439.png 768w, https:\/\/cazare.ase.ro\/wp-content\/uploads\/2019\/01\/vitan-map-1024x585.png 1024w\" sizes=\"(max-width: 2916px) 100vw, 2916px\" alt=\"\" \t\tclass=\"so-widget-image\"\/>\n\t<\/div>\n\n<\/div><\/div><\/div><div id=\"pgc-2580-20-1\"  class=\"panel-grid-cell\" ><div id=\"panel-2580-20-1-0\" class=\"so-panel widget widget_sow-editor panel-first-child panel-last-child\" data-index=\"27\" ><div\n\t\t\t\n\t\t\tclass=\"so-widget-sow-editor so-widget-sow-editor-base\"\n\t\t\t\n\t\t>\n<div class=\"siteorigin-widget-tinymce textwidget\">\n\t<h2><strong>Vitan (gradul al II-lea de confort)<\/strong><\/h2>\n<p align=\"justify\">Aflat pe Strada Energeticienilor, c\u0103minul Vitan g\u0103zduie\u0219te studen\u021bii str\u0103ini ai Academiei de Studii Economice din Bucure\u0219ti. Fiecare camer\u0103 dispune de 2 locuri.<\/p>\n<\/div>\n<\/div><\/div><\/div><\/div><div id=\"pg-2580-21\"  class=\"panel-grid panel-no-style\" ><div id=\"pgc-2580-21-0\"  class=\"panel-grid-cell\" ><div id=\"panel-2580-21-0-0\" class=\"so-panel widget widget_sow-editor panel-first-child panel-last-child\" data-index=\"28\" ><div\n\t\t\t\n\t\t\tclass=\"so-widget-sow-editor so-widget-sow-editor-base\"\n\t\t\t\n\t\t>\n<div class=\"siteorigin-widget-tinymce textwidget\">\n\t<table width=\"0\">\n<tbody>\n<tr>\n<td><strong>Adres\u0103<\/strong><\/td>\n<td><strong>Administrator<\/strong><\/td>\n<td><strong>General<\/strong><\/td>\n<td><strong>Baie<\/strong><\/td>\n<\/tr>\n<tr>\n<td>Energeticienilor 9-11<br \/>\nSector 3<\/td>\n<td>Vargatiuc Mihaela<\/p>\n<p>mihaela.vargatiuc@ase.ro<\/p>\n<\/td>\n<td>Gradul al II-lea de confort<br \/>\nDoar pentru studen\u021bi str\u0103ini din afara UE<br \/>\n2 persoane \/ camer\u0103<\/td>\n<td>Pe hol<\/td>\n<\/tr>\n<tr>\n<td><strong>Facilit\u0103\u021bi<\/strong><\/td>\n<td colspan=\"3\">o sal\u0103 de lectur\u0103<br \/>\nun oficiu<\/td>\n<\/tr>\n<tr>\n<td><strong>Cum ajung?<\/strong><\/td>\n<td colspan=\"3\">METROU (Sta\u021bia Dristor) + 15 minute de mers pe jos<\/td>\n<\/tr>\n<\/tbody>\n<\/table>\n<\/div>\n<\/div><\/div><\/div><\/div><div id=\"pg-2580-22\"  class=\"panel-grid panel-no-style\" ><div id=\"pgc-2580-22-0\"  class=\"panel-grid-cell panel-grid-cell-empty\" ><\/div><\/div><\/div>","protected":false},"excerpt":{"rendered":"<p>Traiul \u00een Bucure\u0219ti nu a fost niciodat\u0103 mai simplu Academia de Studii Economice din Bucure\u0219ti ofer\u0103 studen\u021bilor s\u0103i cele mai bune condi\u021bii \u00een cele 7 campusuri: Complex Moxa, Complex Belvedere Nou, Tei C1, Complex Belvedere Vechi, Complex Agronomie, C\u0103minul Occidentului, C\u0103minul Vitan. &nbsp;<\/p>\n","protected":false},"author":539030,"featured_media":0,"parent":0,"menu_order":0,"comment_status":"closed","ping_status":"closed","template":"page-templates\/template-fullwidth.php","meta":{"_editorskit_title_hidden":false,"_editorskit_reading_time":0,"_editorskit_is_block_options_detached":false,"_editorskit_block_options_position":"{}","_monsterinsights_skip_tracking":false,"_monsterinsights_sitenote_active":false,"_monsterinsights_sitenote_note":"","_monsterinsights_sitenote_category":0,"_themeisle_gutenberg_block_has_review":false,"footnotes":""},"class_list":["post-2580","page","type-page","status-publish","hentry"],"_links":{"self":[{"href":"https:\/\/cazare.ase.ro\/index.php?rest_route=\/wp\/v2\/pages\/2580","targetHints":{"allow":["GET"]}}],"collection":[{"href":"https:\/\/cazare.ase.ro\/index.php?rest_route=\/wp\/v2\/pages"}],"about":[{"href":"https:\/\/cazare.ase.ro\/index.php?rest_route=\/wp\/v2\/types\/page"}],"author":[{"embeddable":true,"href":"https:\/\/cazare.ase.ro\/index.php?rest_route=\/wp\/v2\/users\/539030"}],"replies":[{"embeddable":true,"href":"https:\/\/cazare.ase.ro\/index.php?rest_route=%2Fwp%2Fv2%2Fcomments&post=2580"}],"version-history":[{"count":84,"href":"https:\/\/cazare.ase.ro\/index.php?rest_route=\/wp\/v2\/pages\/2580\/revisions"}],"predecessor-version":[{"id":5391,"href":"https:\/\/cazare.ase.ro\/index.php?rest_route=\/wp\/v2\/pages\/2580\/revisions\/5391"}],"wp:attachment":[{"href":"https:\/\/cazare.ase.ro\/index.php?rest_route=%2Fwp%2Fv2%2Fmedia&parent=2580"}],"curies":[{"name":"wp","href":"https:\/\/api.w.org\/{rel}","templated":true}]}}