{"id":2524,"date":"2018-10-04T10:07:37","date_gmt":"2018-10-04T07:07:37","guid":{"rendered":"https:\/\/cazare.ase.ro\/?page_id=2524"},"modified":"2025-12-01T04:32:36","modified_gmt":"2025-12-01T01:32:36","slug":"contact","status":"publish","type":"page","link":"https:\/\/cazare.ase.ro\/?page_id=2524","title":{"rendered":"Contact"},"content":{"rendered":"<div id=\"pl-2524\"  class=\"panel-layout\" ><div id=\"pg-2524-0\"  class=\"panel-grid panel-no-style\" ><div id=\"pgc-2524-0-0\"  class=\"panel-grid-cell\" ><div id=\"panel-2524-0-0-0\" class=\"so-panel widget widget_sow-image panel-first-child panel-last-child\" data-index=\"0\" ><div\n\t\t\t\n\t\t\tclass=\"so-widget-sow-image so-widget-sow-image-default-8b5b6f678277-2524\"\n\t\t\t\n\t\t>\n<div class=\"sow-image-container\">\n\t\t<img \n\tsrc=\"https:\/\/cazare.ase.ro\/wp-content\/uploads\/2018\/10\/About-2469-1411-contact.jpg\" width=\"2916\" height=\"1667\" srcset=\"https:\/\/cazare.ase.ro\/wp-content\/uploads\/2018\/10\/About-2469-1411-contact.jpg 2916w, https:\/\/cazare.ase.ro\/wp-content\/uploads\/2018\/10\/About-2469-1411-contact-300x172.jpg 300w, https:\/\/cazare.ase.ro\/wp-content\/uploads\/2018\/10\/About-2469-1411-contact-768x439.jpg 768w, https:\/\/cazare.ase.ro\/wp-content\/uploads\/2018\/10\/About-2469-1411-contact-1024x585.jpg 1024w\" sizes=\"(max-width: 2916px) 100vw, 2916px\" title=\"About-24,69-14,11&#8212;contact\" alt=\"\" \t\tclass=\"so-widget-image\"\/>\n\t<\/div>\n\n<\/div><\/div><\/div><div id=\"pgc-2524-0-1\"  class=\"panel-grid-cell\" ><div id=\"panel-2524-0-1-0\" class=\"so-panel widget widget_sow-editor panel-first-child panel-last-child\" data-index=\"1\" ><div\n\t\t\t\n\t\t\tclass=\"so-widget-sow-editor so-widget-sow-editor-base\"\n\t\t\t\n\t\t>\n<div class=\"siteorigin-widget-tinymce textwidget\">\n\t<h2><strong>\u00ce\u021bi punem la dispozi\u021bie mai multe canale prin care ne po\u021bi contacta<\/strong><\/h2>\n<p align=\"justify\">Pentru orice \u00eentrebare ai avea legat\u0103 de cazare, \u00ee\u021bi oferim suportul nostru contact\u00e2ndu-ne at\u00e2t pe pagina de Instagram <strong><a href=\"https:\/\/www.instagram.com\/serviciulcazarestudentiase\/\" target=\"_blank\" rel=\"noopener\">Serviciul Cazare Studen\u021bi ASE<\/a> <\/strong>sau pe cea de Facebook <strong><a href=\"https:\/\/www.facebook.com\/SCS.ASE\/\" target=\"_blank\" rel=\"noopener\">Serviciul Cazare Studen\u021bi ASE<\/a><\/strong>, c\u00e2t \u0219i pe mail la adresa <strong>contact@cazare.ase.ro<\/strong>. Dac\u0103 ai nevoie de un r\u0103spuns rapid, ne po\u021bi contacta prin telefon la num\u0103rul <strong>0728 881 152<\/strong>. \u00ce\u021bi st\u0103m la dispozi\u021bie <strong>de luni p\u00e2n\u0103 vineri<\/strong> \u00eentre orele <strong>10:00-14:00 \u0219i 15:00-19:00<\/strong>.<!-- \/epsilon\/Services--><!-- epsilon\/Services--><!-- \/epsilon\/services --><\/p>\n<\/div>\n<\/div><\/div><\/div><\/div><div id=\"pg-2524-1\"  class=\"panel-grid panel-no-style\" ><div id=\"pgc-2524-1-0\"  class=\"panel-grid-cell\" ><div id=\"panel-2524-1-0-0\" class=\"so-panel widget widget_sow-features panel-first-child panel-last-child\" data-index=\"2\" ><div\n\t\t\t\n\t\t\tclass=\"so-widget-sow-features so-widget-sow-features-default-03d66a879d8e-2524\"\n\t\t\t\n\t\t><ul\n\tclass=\"sow-features-list\n\tsow-features-responsive\">\n\n\t\t\t<li\n\t\t\tclass=\"sow-features-feature sow-icon-container-position-top\"\n\t\t\tstyle=\"display: flex; flex-direction: column; width: calc(33.333% - 25px);\"\n\t\t>\n\t\t\t\n\t\t\t\t\t\t<div\t\t\t\tclass=\"sow-icon-container sow-container-none\"\n\t\t\t\tstyle=\"color: #404040; \"\n\t\t\t\t\n\t\t\t\t\t\t\t>\n\t\t\t\t<span class=\"sow-icon-fontawesome sow-fas\" data-sow-icon=\"&#xf557;\"\n\t\tstyle=\"font-size: 84px; color: #3c4858\" \n\t\taria-hidden=\"true\"><\/span>\t\t\t<\/div>\n\n\t\t\t<div class=\"textwidget\">\n\t\t\t\t\n\t\t\t\t\t\t\t\t\t<h5 class=\"sow-features-feature-title\">\n\t\t\t\t\t\tAdres\u0103\t\t\t\t\t<\/h5>\n\t\t\t\t\n\t\t\t\t\t\t\t\t\t<div class=\"sow-features-feature-text\">\n\t\t\t\t\t<p>Str. Frumoas\u0103 nr. 31<br \/>\nSala 13, parter<\/p>\n\t\t\t\t\t<\/div>\n\t\t\t\t\t\t\t\t<\/div>\n\t\t\t\t\t\t\t\t<\/li>\n\n\t\t\t<li\n\t\t\tclass=\"sow-features-feature sow-icon-container-position-top\"\n\t\t\tstyle=\"display: flex; flex-direction: column; width: calc(33.333% - 25px);\"\n\t\t>\n\t\t\t\n\t\t\t\t\t\t<div\t\t\t\tclass=\"sow-icon-container sow-container-none\"\n\t\t\t\tstyle=\"color: #404040; \"\n\t\t\t\t\n\t\t\t\t\t\t\t>\n\t\t\t\t<span class=\"sow-icon-fontawesome sow-fas\" data-sow-icon=\"&#xf017;\"\n\t\tstyle=\"font-size: 84px; color: #3c4858\" \n\t\taria-hidden=\"true\"><\/span>\t\t\t<\/div>\n\n\t\t\t<div class=\"textwidget\">\n\t\t\t\t\n\t\t\t\t\t\t\t\t\t<h5 class=\"sow-features-feature-title\">\n\t\t\t\t\t\tProgram\t\t\t\t\t<\/h5>\n\t\t\t\t\n\t\t\t\t\t\t\t\t\t<div class=\"sow-features-feature-text\">\n\t\t\t\t\t<p>Luni \u2013 Vineri<br \/>\n10:00-14:00 \u0219i 15:00-19:00<\/p>\n\t\t\t\t\t<\/div>\n\t\t\t\t\t\t\t\t<\/div>\n\t\t\t\t\t\t\t\t<\/li>\n\n\t\t\t<li\n\t\t\tclass=\"sow-features-feature sow-icon-container-position-top\"\n\t\t\tstyle=\"display: flex; flex-direction: column; width: calc(33.333% - 25px);\"\n\t\t>\n\t\t\t\n\t\t\t\t\t\t<div\t\t\t\tclass=\"sow-icon-container sow-container-none\"\n\t\t\t\tstyle=\"color: #404040; \"\n\t\t\t\t\n\t\t\t\t\t\t\t>\n\t\t\t\t<span class=\"sow-icon-fontawesome sow-fas\" data-sow-icon=\"&#xf086;\"\n\t\tstyle=\"font-size: 84px; color: #3c4858\" \n\t\taria-hidden=\"true\"><\/span>\t\t\t<\/div>\n\n\t\t\t<div class=\"textwidget\">\n\t\t\t\t\n\t\t\t\t\t\t\t\t\t<h5 class=\"sow-features-feature-title\">\n\t\t\t\t\t\tContact\t\t\t\t\t<\/h5>\n\t\t\t\t\n\t\t\t\t\t\t\t\t\t<div class=\"sow-features-feature-text\">\n\t\t\t\t\t<p>Tel: <span>0728 881 152<\/span><br \/>\nEmail: contact@cazare.ase.ro<\/p>\n\t\t\t\t\t<\/div>\n\t\t\t\t\t\t\t\t<\/div>\n\t\t\t\t\t\t\t\t<\/li>\n\n\t<\/ul>\n<\/div><\/div><\/div><\/div><div id=\"pg-2524-2\"  class=\"panel-grid panel-no-style\" ><div id=\"pgc-2524-2-0\"  class=\"panel-grid-cell panel-grid-cell-empty\" ><\/div><\/div><\/div>","protected":false},"excerpt":{"rendered":"<p>\u00ce\u021bi punem la dispozi\u021bie mai multe canale prin care ne po\u021bi contacta Pentru orice \u00eentrebare ai avea legat\u0103 de cazare, \u00ee\u021bi oferim suportul nostru contact\u00e2ndu-ne at\u00e2t pe pagina de Instagram Serviciul Cazare Studen\u021bi ASE sau pe cea de Facebook Serviciul Cazare Studen\u021bi ASE, c\u00e2t \u0219i pe mail la adresa contact@cazare.ase.ro. [&hellip;]<\/p>\n","protected":false},"author":539030,"featured_media":0,"parent":0,"menu_order":0,"comment_status":"closed","ping_status":"closed","template":"page-templates\/template-fullwidth.php","meta":{"_editorskit_title_hidden":false,"_editorskit_reading_time":0,"_editorskit_is_block_options_detached":false,"_editorskit_block_options_position":"{}","_monsterinsights_skip_tracking":false,"_monsterinsights_sitenote_active":false,"_monsterinsights_sitenote_note":"","_monsterinsights_sitenote_category":0,"_themeisle_gutenberg_block_has_review":false,"footnotes":""},"class_list":["post-2524","page","type-page","status-publish","hentry"],"_links":{"self":[{"href":"https:\/\/cazare.ase.ro\/index.php?rest_route=\/wp\/v2\/pages\/2524","targetHints":{"allow":["GET"]}}],"collection":[{"href":"https:\/\/cazare.ase.ro\/index.php?rest_route=\/wp\/v2\/pages"}],"about":[{"href":"https:\/\/cazare.ase.ro\/index.php?rest_route=\/wp\/v2\/types\/page"}],"author":[{"embeddable":true,"href":"https:\/\/cazare.ase.ro\/index.php?rest_route=\/wp\/v2\/users\/539030"}],"replies":[{"embeddable":true,"href":"https:\/\/cazare.ase.ro\/index.php?rest_route=%2Fwp%2Fv2%2Fcomments&post=2524"}],"version-history":[{"count":34,"href":"https:\/\/cazare.ase.ro\/index.php?rest_route=\/wp\/v2\/pages\/2524\/revisions"}],"predecessor-version":[{"id":5358,"href":"https:\/\/cazare.ase.ro\/index.php?rest_route=\/wp\/v2\/pages\/2524\/revisions\/5358"}],"wp:attachment":[{"href":"https:\/\/cazare.ase.ro\/index.php?rest_route=%2Fwp%2Fv2%2Fmedia&parent=2524"}],"curies":[{"name":"wp","href":"https:\/\/api.w.org\/{rel}","templated":true}]}}