{"id":2520,"date":"2018-10-04T10:06:56","date_gmt":"2018-10-04T07:06:56","guid":{"rendered":"https:\/\/cazare.ase.ro\/?page_id=2520"},"modified":"2021-08-17T21:02:56","modified_gmt":"2021-08-17T18:02:56","slug":"home","status":"publish","type":"page","link":"https:\/\/cazare.ase.ro\/","title":{"rendered":"Home"},"content":{"rendered":"<p style=\"text-align: center;\"><strong><a href=\"https:\/\/cazare.ase.ro\/?cat=21\">Etapa de toamn\u0103<\/a> &#8211;\u00a0cazarea studen\u021bilor ASE \u0219i candida\u021bilor admi\u0219i \u00een anul I de studii la programele de licen\u0163\u0103, masterat \u015fi doctorat \u00een sesiunea iulie 2021.<\/strong><\/p>\n\n","protected":false},"excerpt":{"rendered":"","protected":false},"author":539030,"featured_media":2806,"parent":0,"menu_order":0,"comment_status":"closed","ping_status":"closed","template":"","meta":{"_editorskit_title_hidden":false,"_editorskit_reading_time":0,"_editorskit_is_block_options_detached":false,"_editorskit_block_options_position":"{}","_monsterinsights_skip_tracking":false,"_monsterinsights_sitenote_active":false,"_monsterinsights_sitenote_note":"","_monsterinsights_sitenote_category":0,"_themeisle_gutenberg_block_has_review":false,"footnotes":""},"class_list":["post-2520","page","type-page","status-publish","has-post-thumbnail","hentry"],"_links":{"self":[{"href":"https:\/\/cazare.ase.ro\/index.php?rest_route=\/wp\/v2\/pages\/2520","targetHints":{"allow":["GET"]}}],"collection":[{"href":"https:\/\/cazare.ase.ro\/index.php?rest_route=\/wp\/v2\/pages"}],"about":[{"href":"https:\/\/cazare.ase.ro\/index.php?rest_route=\/wp\/v2\/types\/page"}],"author":[{"embeddable":true,"href":"https:\/\/cazare.ase.ro\/index.php?rest_route=\/wp\/v2\/users\/539030"}],"replies":[{"embeddable":true,"href":"https:\/\/cazare.ase.ro\/index.php?rest_route=%2Fwp%2Fv2%2Fcomments&post=2520"}],"version-history":[{"count":39,"href":"https:\/\/cazare.ase.ro\/index.php?rest_route=\/wp\/v2\/pages\/2520\/revisions"}],"predecessor-version":[{"id":3409,"href":"https:\/\/cazare.ase.ro\/index.php?rest_route=\/wp\/v2\/pages\/2520\/revisions\/3409"}],"wp:featuredmedia":[{"embeddable":true,"href":"https:\/\/cazare.ase.ro\/index.php?rest_route=\/wp\/v2\/media\/2806"}],"wp:attachment":[{"href":"https:\/\/cazare.ase.ro\/index.php?rest_route=%2Fwp%2Fv2%2Fmedia&parent=2520"}],"curies":[{"name":"wp","href":"https:\/\/api.w.org\/{rel}","templated":true}]}}